{"id":6,"date":"2025-09-02T08:29:26","date_gmt":"2025-09-02T08:29:26","guid":{"rendered":"https:\/\/porszivojavitas.hu\/?page_id=6"},"modified":"2025-09-04T13:13:22","modified_gmt":"2025-09-04T13:13:22","slug":"philips-speedpro-max-szivofej-javitas","status":"publish","type":"page","link":"https:\/\/porszivojavitas.hu\/","title":{"rendered":"Sz\u00edv\u00f3fej jav\u00edt\u00e1s f\u00e9m alkatr\u00e9sszel \u2013 olcs\u00f3bb, mint az \u00faj fej v\u00e1s\u00e1rl\u00e1sa"},"content":{"rendered":"\n<figure class=\"wp-block-image alignright size-large is-resized\"><img loading=\"lazy\" decoding=\"async\" width=\"768\" height=\"1024\" src=\"https:\/\/porszivojavitas.hu\/wp-content\/uploads\/2025\/09\/IMG_2006-768x1024.jpg\" alt=\"\" class=\"wp-image-38\" style=\"aspect-ratio:1;object-fit:cover;width:469px;height:auto\" srcset=\"https:\/\/porszivojavitas.hu\/wp-content\/uploads\/2025\/09\/IMG_2006-768x1024.jpg 768w, https:\/\/porszivojavitas.hu\/wp-content\/uploads\/2025\/09\/IMG_2006-225x300.jpg 225w, https:\/\/porszivojavitas.hu\/wp-content\/uploads\/2025\/09\/IMG_2006-1152x1536.jpg 1152w, https:\/\/porszivojavitas.hu\/wp-content\/uploads\/2025\/09\/IMG_2006-1536x2048.jpg 1536w, https:\/\/porszivojavitas.hu\/wp-content\/uploads\/2025\/09\/IMG_2006-scaled.jpg 1920w\" sizes=\"auto, (max-width: 768px) 100vw, 768px\" \/><\/figure>\n\n\n\n<h1 class=\"wp-block-heading\">Philips SpeedPro Max sz\u00edv\u00f3fej jav\u00edt\u00e1s<\/h1>\n\n\n\n<p>Gyors, tart\u00f3s \u00e9s megfizethet\u0151 megold\u00e1s a t\u00f6r\u00f6tt kefetengely probl\u00e9m\u00e1ra.<\/p>\n\n\n\n<div class=\"wp-block-buttons is-layout-flex wp-block-buttons-is-layout-flex\">\n<div class=\"wp-block-button\"><a class=\"wp-block-button__link wp-element-button\" href=\"#kapcsolat\" rel=\"#kapcsolat\">Kapcsolatfelv\u00e9tel<\/a><\/div>\n<\/div>\n\n\n\n<h2 class=\"wp-block-heading\">Mi\u00e9rt v\u00e1lassz minket?<\/h2>\n\n\n\n<ul class=\"wp-block-list\">\n<li>\u26a1 Gyors jav\u00edt\u00e1s \u2013 nem kell heteket v\u00e1rnod<\/li>\n\n\n\n<li>\ud83d\udd27 Tart\u00f3s f\u00e9m alkatr\u00e9sz \u2013 er\u0151sebb, mint a m\u0171anyag<\/li>\n\n\n\n<li>\ud83d\udcb0 Kedvez\u0151 \u00e1r \u2013 megold\u00e1s \u00faj porsz\u00edv\u00f3 vagy komplett fej v\u00e1s\u00e1rl\u00e1sa helyett<\/li>\n<\/ul>\n\n\n\n<h2 class=\"wp-block-heading\">Hogyan m\u0171k\u00f6dik a jav\u00edt\u00e1s?<\/h2>\n\n\n\n<ul class=\"wp-block-list\">\n<li>\ud83d\udcde <strong>Kapcsolatfelv\u00e9tel<\/strong> \u2013 felveszed vel\u00fcnk a kapcsolatot az \u0171rlapon vagy telefonon<\/li>\n\n\n\n<li>\ud83d\udd27 <strong>Jav\u00edt\u00e1s \/ csere<\/strong> \u2013 elv\u00e9gezz\u00fck a tengely cser\u00e9j\u00e9t f\u00e9m alkatr\u00e9szre<\/li>\n\n\n\n<li>\ud83d\ude9a <strong>\u00c1tv\u00e9tel <\/strong> \u2013 \u00e1tadjuk a k\u00e9sz sz\u00edv\u00f3fejet<\/li>\n<\/ul>\n\n\n\n<h2 class=\"wp-block-heading\">\u00c1raz\u00e1s<\/h2>\n\n\n\n<p>\ud83d\udcb0 <strong>Amennyiben a probl\u00e9ma a tengely hib\u00e1sod\u00e1s\u00e1b\u00f3l ered, a jav\u00edt\u00e1s d\u00edja: 20.000 Ft.<\/strong><br>\u2699\ufe0f Elt\u00e9r\u0151 meghib\u00e1sod\u00e1s eset\u00e9n az \u00e1r el\u0151zetes egyeztet\u00e9s alapj\u00e1n ker\u00fcl meghat\u00e1roz\u00e1sra.<\/p>\n\n\n\n<h2 class=\"wp-block-heading\">Hol t\u00f6rt\u00e9nik a jav\u00edt\u00e1s?<\/h2>\n\n\n\n<p>A jav\u00edt\u00e1sokat Budapesten a Csepel M\u0171vekben v\u00e9gezz\u00fck. <\/p>\n\n\n\n<h2 class=\"wp-block-heading\">El\u0151tte &#8211; ut\u00e1na<\/h2>\n\n\n\n<div class=\"wp-block-columns is-layout-flex wp-container-core-columns-is-layout-28f84493 wp-block-columns-is-layout-flex\">\n<div class=\"wp-block-column is-layout-flow wp-block-column-is-layout-flow\">\n<figure class=\"wp-block-image size-large\"><img loading=\"lazy\" decoding=\"async\" width=\"1024\" height=\"768\" src=\"https:\/\/porszivojavitas.hu\/wp-content\/uploads\/2025\/09\/regi-tengely-1024x768.jpg\" alt=\"\" class=\"wp-image-14\" style=\"aspect-ratio:1;object-fit:cover\" srcset=\"https:\/\/porszivojavitas.hu\/wp-content\/uploads\/2025\/09\/regi-tengely-1024x768.jpg 1024w, https:\/\/porszivojavitas.hu\/wp-content\/uploads\/2025\/09\/regi-tengely-300x225.jpg 300w, https:\/\/porszivojavitas.hu\/wp-content\/uploads\/2025\/09\/regi-tengely-768x576.jpg 768w, https:\/\/porszivojavitas.hu\/wp-content\/uploads\/2025\/09\/regi-tengely-1536x1152.jpg 1536w, https:\/\/porszivojavitas.hu\/wp-content\/uploads\/2025\/09\/regi-tengely-2048x1536.jpg 2048w\" sizes=\"auto, (max-width: 1024px) 100vw, 1024px\" \/><figcaption class=\"wp-element-caption\">t\u00f6r\u00f6tt tengely<\/figcaption><\/figure>\n<\/div>\n\n\n\n<div class=\"wp-block-column is-layout-flow wp-block-column-is-layout-flow\">\n<figure class=\"wp-block-image size-large\"><img loading=\"lazy\" decoding=\"async\" width=\"768\" height=\"1024\" src=\"https:\/\/porszivojavitas.hu\/wp-content\/uploads\/2025\/09\/ujtengely-1-768x1024.jpg\" alt=\"\" class=\"wp-image-15\" style=\"aspect-ratio:1;object-fit:cover\" srcset=\"https:\/\/porszivojavitas.hu\/wp-content\/uploads\/2025\/09\/ujtengely-1-768x1024.jpg 768w, https:\/\/porszivojavitas.hu\/wp-content\/uploads\/2025\/09\/ujtengely-1-225x300.jpg 225w, https:\/\/porszivojavitas.hu\/wp-content\/uploads\/2025\/09\/ujtengely-1-1152x1536.jpg 1152w, https:\/\/porszivojavitas.hu\/wp-content\/uploads\/2025\/09\/ujtengely-1-1536x2048.jpg 1536w, https:\/\/porszivojavitas.hu\/wp-content\/uploads\/2025\/09\/ujtengely-1-scaled.jpg 1920w\" sizes=\"auto, (max-width: 768px) 100vw, 768px\" \/><figcaption class=\"wp-element-caption\">f\u00e9m tengely<\/figcaption><\/figure>\n<\/div>\n<\/div>\n\n\n\n<h2 class=\"wp-block-heading\">Gyakran ism\u00e9telt k\u00e9rd\u00e9sek<\/h2>\n\n\n\n<ul class=\"wp-block-list\">\n<li><strong>Mennyi id\u0151 a jav\u00edt\u00e1s?<\/strong>\n<ul class=\"wp-block-list\">\n<li>\u00c1ltal\u00e1ban 1\u20132 munkanap alatt elk\u00e9sz\u00fcl.<\/li>\n<\/ul>\n<\/li>\n\n\n\n<li><strong>Mennyibe ker\u00fcl a jav\u00edt\u00e1s?<\/strong>\n<ul class=\"wp-block-list\">\n<li>Fix d\u00edj\u00e9rt dolgozunk, nincs rejtett k\u00f6lts\u00e9g.<\/li>\n<\/ul>\n<\/li>\n\n\n\n<li><strong>Jobb, mint a m\u0171anyag alkatr\u00e9sz?<\/strong>\n<ul class=\"wp-block-list\">\n<li>Igen, a f\u00e9m tengely tart\u00f3sabb, mint az eredeti m\u0171anyag.<\/li>\n<\/ul>\n<\/li>\n\n\n\n<li><strong>Hogyan tudom eljuttatni a sz\u00edv\u00f3fejet?<\/strong>\n<ul class=\"wp-block-list\">\n<li>Szem\u00e9lyesen vagy fut\u00e1rszolg\u00e1lattal is megoldhat\u00f3.<\/li>\n<\/ul>\n<\/li>\n\n\n\n<li><strong>Minden Philips porsz\u00edv\u00f3 sz\u00edv\u00f3fej\u00e9t jav\u00edtj\u00e1tok?<\/strong>\n<ul class=\"wp-block-list\">\n<li>Els\u0151sorban a Philips SpeedPro Max t\u00edpus sz\u00edv\u00f3fej\u00e9t jav\u00edtjuk, de k\u00e9rd\u00e9s eset\u00e9n keress minket.<\/li>\n<\/ul>\n<\/li>\n\n\n\n<li><strong>J\u00e1r garancia a jav\u00edt\u00e1sra?<\/strong>\n<ul class=\"wp-block-list\">\n<li>Igen, a jav\u00edtott f\u00e9m alkatr\u00e9szre garanci\u00e1t v\u00e1llalunk. Fontos azonban, hogy <strong>garanci\u00e1lis k\u00e9sz\u00fcl\u00e9k jav\u00edt\u00e1s\u00e1t nem v\u00e1llaljuk<\/strong> \u2013 ilyen esetben a hivatalos Philips szervizt kell felkeresni.<\/li>\n<\/ul>\n<\/li>\n<\/ul>\n\n\n\n<h2 class=\"wp-block-heading\" id=\"kapcsolat\">Kapcsolatfelv\u00e9tel<\/h2>\n\n\n\n<p>T\u00f6ltsd ki az al\u00e1bbi \u0171rlapot, \u00e9s 1 munkanapon bel\u00fcl felvessz\u00fck veled a kapcsolatot.<\/p>\n\n\n<style id=\"wpforms-css-vars-19\">\n\t\t\t\t#wpforms-19 {\n\t\t\t\t--wpforms-container-padding: 0px;\n--wpforms-container-border-width: 1px;\n--wpforms-container-border-radius: 3px;\n--wpforms-background-color: rgba(0, 0, 0, 0);\n--wpforms-field-size-input-height: 43px;\n--wpforms-field-size-input-spacing: 15px;\n--wpforms-field-size-font-size: 16px;\n--wpforms-field-size-line-height: 19px;\n--wpforms-field-size-padding-h: 14px;\n--wpforms-field-size-checkbox-size: 16px;\n--wpforms-field-size-sublabel-spacing: 5px;\n--wpforms-field-size-icon-size: 1;\n--wpforms-label-size-font-size: 16px;\n--wpforms-label-size-line-height: 19px;\n--wpforms-label-size-sublabel-font-size: 14px;\n--wpforms-label-size-sublabel-line-height: 17px;\n--wpforms-button-size-font-size: 17px;\n--wpforms-button-size-height: 41px;\n--wpforms-button-size-padding-h: 15px;\n--wpforms-button-size-margin-top: 10px;\n--wpforms-container-shadow-size-box-shadow: none;\n\n\t\t\t}\n\t\t\t<\/style><div class=\"wpforms-container wpforms-container-full wpforms-render-modern\" id=\"wpforms-19\"><form id=\"wpforms-form-19\" class=\"wpforms-validate wpforms-form wpforms-ajax-form\" data-formid=\"19\" method=\"post\" enctype=\"multipart\/form-data\" action=\"\/index.php?rest_route=%2Fwp%2Fv2%2Fpages%2F6\" data-token=\"9597d152f15f3a4953d2ff3c8452f908\" data-token-time=\"1777718559\"><noscript class=\"wpforms-error-noscript\">Please enable JavaScript in your browser to complete this form.<\/noscript><div id=\"wpforms-error-noscript\" style=\"display: none;\">Please enable JavaScript in your browser to complete this form.<\/div><div class=\"wpforms-field-container\"><div id=\"wpforms-19-field_1-container\" class=\"wpforms-field wpforms-field-name\" data-field-id=\"1\"><label class=\"wpforms-field-label\" for=\"wpforms-19-field_1\">N\u00e9v <span class=\"wpforms-required-label\" aria-hidden=\"true\">*<\/span><\/label><input type=\"text\" id=\"wpforms-19-field_1\" class=\"wpforms-field-medium wpforms-field-required\" name=\"wpforms[fields][1]\" aria-errormessage=\"wpforms-19-field_1-error\" required><\/div>\t\t<div id=\"wpforms-19-field_4-container\"\n\t\t\tclass=\"wpforms-field wpforms-field-text\"\n\t\t\tdata-field-type=\"text\"\n\t\t\tdata-field-id=\"4\"\n\t\t\t>\n\t\t\t<label class=\"wpforms-field-label\" for=\"wpforms-19-field_4\" >E-mail N\u00e9v \u00dczenet<\/label>\n\t\t\t<input type=\"text\" id=\"wpforms-19-field_4\" class=\"wpforms-field-medium\" name=\"wpforms[fields][4]\" >\n\t\t<\/div>\n\t\t<div id=\"wpforms-19-field_2-container\" class=\"wpforms-field wpforms-field-email\" data-field-id=\"2\"><label class=\"wpforms-field-label\" for=\"wpforms-19-field_2\">E-mail <span class=\"wpforms-required-label\" aria-hidden=\"true\">*<\/span><\/label><input type=\"email\" id=\"wpforms-19-field_2\" class=\"wpforms-field-medium wpforms-field-required\" name=\"wpforms[fields][2]\" spellcheck=\"false\" aria-errormessage=\"wpforms-19-field_2-error\" required><\/div><div id=\"wpforms-19-field_3-container\" class=\"wpforms-field wpforms-field-textarea\" data-field-id=\"3\"><label class=\"wpforms-field-label\" for=\"wpforms-19-field_3\">\u00dczenet<\/label><textarea id=\"wpforms-19-field_3\" class=\"wpforms-field-medium\" name=\"wpforms[fields][3]\" aria-errormessage=\"wpforms-19-field_3-error\" ><\/textarea><\/div><script>\n\t\t\t\t( function() {\n\t\t\t\t\tconst style = document.createElement( 'style' );\n\t\t\t\t\tstyle.appendChild( document.createTextNode( '#wpforms-19-field_4-container { position: absolute !important; overflow: hidden !important; display: inline !important; height: 1px !important; width: 1px !important; z-index: -1000 !important; padding: 0 !important; } #wpforms-19-field_4-container input { visibility: hidden; } #wpforms-conversational-form-page #wpforms-19-field_4-container label { counter-increment: none; }' ) );\n\t\t\t\t\tdocument.head.appendChild( style );\n\t\t\t\t\tdocument.currentScript?.remove();\n\t\t\t\t} )();\n\t\t\t<\/script><\/div><!-- .wpforms-field-container --><div class=\"wpforms-submit-container\" ><input type=\"hidden\" name=\"wpforms[id]\" value=\"19\"><input type=\"hidden\" name=\"page_title\" value=\"\"><input type=\"hidden\" name=\"page_url\" value=\"https:\/\/porszivojavitas.hu\/index.php?rest_route=\/wp\/v2\/pages\/6\"><input type=\"hidden\" name=\"url_referer\" value=\"\"><button type=\"submit\" name=\"wpforms[submit]\" id=\"wpforms-submit-19\" class=\"wpforms-submit\" data-alt-text=\"K\u00fcld\u00e9s...\" data-submit-text=\"K\u00fcld\u00e9s\" aria-live=\"assertive\" value=\"wpforms-submit\">K\u00fcld\u00e9s<\/button><img loading=\"lazy\" decoding=\"async\" src=\"https:\/\/porszivojavitas.hu\/wp-content\/plugins\/wpforms-lite\/assets\/images\/submit-spin.svg\" class=\"wpforms-submit-spinner\" style=\"display: none;\" width=\"26\" height=\"26\" alt=\"Loading\"><\/div><\/form><\/div>  <!-- .wpforms-container -->\n","protected":false},"excerpt":{"rendered":"<p>Philips SpeedPro Max sz\u00edv\u00f3fej jav\u00edt\u00e1s Gyors, tart\u00f3s \u00e9s megfizethet\u0151 megold\u00e1s a t\u00f6r\u00f6tt kefetengely probl\u00e9m\u00e1ra. Mi\u00e9rt v\u00e1lassz minket? Hogyan m\u0171k\u00f6dik a [&hellip;]<\/p>\n","protected":false},"author":1,"featured_media":0,"parent":0,"menu_order":0,"comment_status":"closed","ping_status":"closed","template":"","meta":{"site-sidebar-layout":"default","site-content-layout":"","ast-site-content-layout":"default","site-content-style":"default","site-sidebar-style":"default","ast-global-header-display":"","ast-banner-title-visibility":"","ast-main-header-display":"","ast-hfb-above-header-display":"","ast-hfb-below-header-display":"","ast-hfb-mobile-header-display":"","site-post-title":"","ast-breadcrumbs-content":"","ast-featured-img":"","footer-sml-layout":"","theme-transparent-header-meta":"","adv-header-id-meta":"","stick-header-meta":"","header-above-stick-meta":"","header-main-stick-meta":"","header-below-stick-meta":"","astra-migrate-meta-layouts":"default","ast-page-background-enabled":"default","ast-page-background-meta":{"desktop":{"background-color":"var(--ast-global-color-5)","background-image":"","background-repeat":"repeat","background-position":"center center","background-size":"auto","background-attachment":"scroll","background-type":"","background-media":"","overlay-type":"","overlay-color":"","overlay-opacity":"","overlay-gradient":""},"tablet":{"background-color":"","background-image":"","background-repeat":"repeat","background-position":"center center","background-size":"auto","background-attachment":"scroll","background-type":"","background-media":"","overlay-type":"","overlay-color":"","overlay-opacity":"","overlay-gradient":""},"mobile":{"background-color":"","background-image":"","background-repeat":"repeat","background-position":"center center","background-size":"auto","background-attachment":"scroll","background-type":"","background-media":"","overlay-type":"","overlay-color":"","overlay-opacity":"","overlay-gradient":""}},"ast-content-background-meta":{"desktop":{"background-color":"var(--ast-global-color-4)","background-image":"","background-repeat":"repeat","background-position":"center center","background-size":"auto","background-attachment":"scroll","background-type":"","background-media":"","overlay-type":"","overlay-color":"","overlay-opacity":"","overlay-gradient":""},"tablet":{"background-color":"var(--ast-global-color-4)","background-image":"","background-repeat":"repeat","background-position":"center center","background-size":"auto","background-attachment":"scroll","background-type":"","background-media":"","overlay-type":"","overlay-color":"","overlay-opacity":"","overlay-gradient":""},"mobile":{"background-color":"var(--ast-global-color-4)","background-image":"","background-repeat":"repeat","background-position":"center center","background-size":"auto","background-attachment":"scroll","background-type":"","background-media":"","overlay-type":"","overlay-color":"","overlay-opacity":"","overlay-gradient":""}},"footnotes":""},"class_list":["post-6","page","type-page","status-publish","hentry"],"yoast_head":"<!-- This site is optimized with the Yoast SEO plugin v25.8 - https:\/\/yoast.com\/wordpress\/plugins\/seo\/ -->\n<title>Sz\u00edv\u00f3fej jav\u00edt\u00e1s f\u00e9m alkatr\u00e9sszel \u2013 olcs\u00f3bb, mint az \u00faj fej v\u00e1s\u00e1rl\u00e1sa - Porsz\u00edv\u00f3 jav\u00edt\u00e1s<\/title>\n<meta name=\"description\" content=\"Philips SpeedPro Max sz\u00edv\u00f3fej jav\u00edt\u00e1s gyorsan \u00e9s tart\u00f3s f\u00e9m alkatr\u00e9sszel. Nem kell \u00fajat venned \u2013 olcs\u00f3bb \u00e9s er\u0151sebb megold\u00e1s!\" \/>\n<meta name=\"robots\" content=\"index, follow, max-snippet:-1, max-image-preview:large, max-video-preview:-1\" \/>\n<link rel=\"canonical\" href=\"https:\/\/porszivojavitas.hu\/\" \/>\n<meta property=\"og:locale\" content=\"hu_HU\" \/>\n<meta property=\"og:type\" content=\"article\" \/>\n<meta property=\"og:title\" content=\"Sz\u00edv\u00f3fej jav\u00edt\u00e1s f\u00e9m alkatr\u00e9sszel \u2013 olcs\u00f3bb, mint az \u00faj fej v\u00e1s\u00e1rl\u00e1sa - Porsz\u00edv\u00f3 jav\u00edt\u00e1s\" \/>\n<meta property=\"og:description\" content=\"Philips SpeedPro Max sz\u00edv\u00f3fej jav\u00edt\u00e1s gyorsan \u00e9s tart\u00f3s f\u00e9m alkatr\u00e9sszel. Nem kell \u00fajat venned \u2013 olcs\u00f3bb \u00e9s er\u0151sebb megold\u00e1s!\" \/>\n<meta property=\"og:url\" content=\"https:\/\/porszivojavitas.hu\/\" \/>\n<meta property=\"og:site_name\" content=\"Porsz\u00edv\u00f3 jav\u00edt\u00e1s\" \/>\n<meta property=\"article:modified_time\" content=\"2025-09-04T13:13:22+00:00\" \/>\n<meta property=\"og:image\" content=\"https:\/\/porszivojavitas.hu\/wp-content\/uploads\/2025\/09\/IMG_2006-scaled.jpg\" \/>\n\t<meta property=\"og:image:width\" content=\"1920\" \/>\n\t<meta property=\"og:image:height\" content=\"2560\" \/>\n\t<meta property=\"og:image:type\" content=\"image\/jpeg\" \/>\n<meta name=\"twitter:card\" content=\"summary_large_image\" \/>\n<meta name=\"twitter:label1\" content=\"Becs\u00fclt olvas\u00e1si id\u0151\" \/>\n\t<meta name=\"twitter:data1\" content=\"2 perc\" \/>\n<script type=\"application\/ld+json\" class=\"yoast-schema-graph\">{\"@context\":\"https:\/\/schema.org\",\"@graph\":[{\"@type\":\"WebPage\",\"@id\":\"https:\/\/porszivojavitas.hu\/\",\"url\":\"https:\/\/porszivojavitas.hu\/\",\"name\":\"Sz\u00edv\u00f3fej jav\u00edt\u00e1s f\u00e9m alkatr\u00e9sszel \u2013 olcs\u00f3bb, mint az \u00faj fej v\u00e1s\u00e1rl\u00e1sa - Porsz\u00edv\u00f3 jav\u00edt\u00e1s\",\"isPartOf\":{\"@id\":\"https:\/\/porszivojavitas.hu\/#website\"},\"primaryImageOfPage\":{\"@id\":\"https:\/\/porszivojavitas.hu\/#primaryimage\"},\"image\":{\"@id\":\"https:\/\/porszivojavitas.hu\/#primaryimage\"},\"thumbnailUrl\":\"https:\/\/porszivojavitas.hu\/wp-content\/uploads\/2025\/09\/IMG_2006-768x1024.jpg\",\"datePublished\":\"2025-09-02T08:29:26+00:00\",\"dateModified\":\"2025-09-04T13:13:22+00:00\",\"description\":\"Philips SpeedPro Max sz\u00edv\u00f3fej jav\u00edt\u00e1s gyorsan \u00e9s tart\u00f3s f\u00e9m alkatr\u00e9sszel. Nem kell \u00fajat venned \u2013 olcs\u00f3bb \u00e9s er\u0151sebb megold\u00e1s!\",\"breadcrumb\":{\"@id\":\"https:\/\/porszivojavitas.hu\/#breadcrumb\"},\"inLanguage\":\"hu\",\"potentialAction\":[{\"@type\":\"ReadAction\",\"target\":[\"https:\/\/porszivojavitas.hu\/\"]}]},{\"@type\":\"ImageObject\",\"inLanguage\":\"hu\",\"@id\":\"https:\/\/porszivojavitas.hu\/#primaryimage\",\"url\":\"https:\/\/porszivojavitas.hu\/wp-content\/uploads\/2025\/09\/IMG_2006-scaled.jpg\",\"contentUrl\":\"https:\/\/porszivojavitas.hu\/wp-content\/uploads\/2025\/09\/IMG_2006-scaled.jpg\",\"width\":1920,\"height\":2560},{\"@type\":\"BreadcrumbList\",\"@id\":\"https:\/\/porszivojavitas.hu\/#breadcrumb\",\"itemListElement\":[{\"@type\":\"ListItem\",\"position\":1,\"name\":\"Kezd\u0151lap\",\"item\":\"https:\/\/porszivojavitas.hu\/\"},{\"@type\":\"ListItem\",\"position\":2,\"name\":\"Sz\u00edv\u00f3fej jav\u00edt\u00e1s f\u00e9m alkatr\u00e9sszel \u2013 olcs\u00f3bb, mint az \u00faj fej v\u00e1s\u00e1rl\u00e1sa\"}]},{\"@type\":\"WebSite\",\"@id\":\"https:\/\/porszivojavitas.hu\/#website\",\"url\":\"https:\/\/porszivojavitas.hu\/\",\"name\":\"Porsz\u00edv\u00f3 jav\u00edt\u00e1s\",\"description\":\"\",\"potentialAction\":[{\"@type\":\"SearchAction\",\"target\":{\"@type\":\"EntryPoint\",\"urlTemplate\":\"https:\/\/porszivojavitas.hu\/?s={search_term_string}\"},\"query-input\":{\"@type\":\"PropertyValueSpecification\",\"valueRequired\":true,\"valueName\":\"search_term_string\"}}],\"inLanguage\":\"hu\"}]}<\/script>\n<!-- \/ Yoast SEO plugin. -->","yoast_head_json":{"title":"Sz\u00edv\u00f3fej jav\u00edt\u00e1s f\u00e9m alkatr\u00e9sszel \u2013 olcs\u00f3bb, mint az \u00faj fej v\u00e1s\u00e1rl\u00e1sa - Porsz\u00edv\u00f3 jav\u00edt\u00e1s","description":"Philips SpeedPro Max sz\u00edv\u00f3fej jav\u00edt\u00e1s gyorsan \u00e9s tart\u00f3s f\u00e9m alkatr\u00e9sszel. Nem kell \u00fajat venned \u2013 olcs\u00f3bb \u00e9s er\u0151sebb megold\u00e1s!","robots":{"index":"index","follow":"follow","max-snippet":"max-snippet:-1","max-image-preview":"max-image-preview:large","max-video-preview":"max-video-preview:-1"},"canonical":"https:\/\/porszivojavitas.hu\/","og_locale":"hu_HU","og_type":"article","og_title":"Sz\u00edv\u00f3fej jav\u00edt\u00e1s f\u00e9m alkatr\u00e9sszel \u2013 olcs\u00f3bb, mint az \u00faj fej v\u00e1s\u00e1rl\u00e1sa - Porsz\u00edv\u00f3 jav\u00edt\u00e1s","og_description":"Philips SpeedPro Max sz\u00edv\u00f3fej jav\u00edt\u00e1s gyorsan \u00e9s tart\u00f3s f\u00e9m alkatr\u00e9sszel. Nem kell \u00fajat venned \u2013 olcs\u00f3bb \u00e9s er\u0151sebb megold\u00e1s!","og_url":"https:\/\/porszivojavitas.hu\/","og_site_name":"Porsz\u00edv\u00f3 jav\u00edt\u00e1s","article_modified_time":"2025-09-04T13:13:22+00:00","og_image":[{"width":1920,"height":2560,"url":"https:\/\/porszivojavitas.hu\/wp-content\/uploads\/2025\/09\/IMG_2006-scaled.jpg","type":"image\/jpeg"}],"twitter_card":"summary_large_image","twitter_misc":{"Becs\u00fclt olvas\u00e1si id\u0151":"2 perc"},"schema":{"@context":"https:\/\/schema.org","@graph":[{"@type":"WebPage","@id":"https:\/\/porszivojavitas.hu\/","url":"https:\/\/porszivojavitas.hu\/","name":"Sz\u00edv\u00f3fej jav\u00edt\u00e1s f\u00e9m alkatr\u00e9sszel \u2013 olcs\u00f3bb, mint az \u00faj fej v\u00e1s\u00e1rl\u00e1sa - Porsz\u00edv\u00f3 jav\u00edt\u00e1s","isPartOf":{"@id":"https:\/\/porszivojavitas.hu\/#website"},"primaryImageOfPage":{"@id":"https:\/\/porszivojavitas.hu\/#primaryimage"},"image":{"@id":"https:\/\/porszivojavitas.hu\/#primaryimage"},"thumbnailUrl":"https:\/\/porszivojavitas.hu\/wp-content\/uploads\/2025\/09\/IMG_2006-768x1024.jpg","datePublished":"2025-09-02T08:29:26+00:00","dateModified":"2025-09-04T13:13:22+00:00","description":"Philips SpeedPro Max sz\u00edv\u00f3fej jav\u00edt\u00e1s gyorsan \u00e9s tart\u00f3s f\u00e9m alkatr\u00e9sszel. Nem kell \u00fajat venned \u2013 olcs\u00f3bb \u00e9s er\u0151sebb megold\u00e1s!","breadcrumb":{"@id":"https:\/\/porszivojavitas.hu\/#breadcrumb"},"inLanguage":"hu","potentialAction":[{"@type":"ReadAction","target":["https:\/\/porszivojavitas.hu\/"]}]},{"@type":"ImageObject","inLanguage":"hu","@id":"https:\/\/porszivojavitas.hu\/#primaryimage","url":"https:\/\/porszivojavitas.hu\/wp-content\/uploads\/2025\/09\/IMG_2006-scaled.jpg","contentUrl":"https:\/\/porszivojavitas.hu\/wp-content\/uploads\/2025\/09\/IMG_2006-scaled.jpg","width":1920,"height":2560},{"@type":"BreadcrumbList","@id":"https:\/\/porszivojavitas.hu\/#breadcrumb","itemListElement":[{"@type":"ListItem","position":1,"name":"Kezd\u0151lap","item":"https:\/\/porszivojavitas.hu\/"},{"@type":"ListItem","position":2,"name":"Sz\u00edv\u00f3fej jav\u00edt\u00e1s f\u00e9m alkatr\u00e9sszel \u2013 olcs\u00f3bb, mint az \u00faj fej v\u00e1s\u00e1rl\u00e1sa"}]},{"@type":"WebSite","@id":"https:\/\/porszivojavitas.hu\/#website","url":"https:\/\/porszivojavitas.hu\/","name":"Porsz\u00edv\u00f3 jav\u00edt\u00e1s","description":"","potentialAction":[{"@type":"SearchAction","target":{"@type":"EntryPoint","urlTemplate":"https:\/\/porszivojavitas.hu\/?s={search_term_string}"},"query-input":{"@type":"PropertyValueSpecification","valueRequired":true,"valueName":"search_term_string"}}],"inLanguage":"hu"}]}},"_links":{"self":[{"href":"https:\/\/porszivojavitas.hu\/index.php?rest_route=\/wp\/v2\/pages\/6","targetHints":{"allow":["GET"]}}],"collection":[{"href":"https:\/\/porszivojavitas.hu\/index.php?rest_route=\/wp\/v2\/pages"}],"about":[{"href":"https:\/\/porszivojavitas.hu\/index.php?rest_route=\/wp\/v2\/types\/page"}],"author":[{"embeddable":true,"href":"https:\/\/porszivojavitas.hu\/index.php?rest_route=\/wp\/v2\/users\/1"}],"replies":[{"embeddable":true,"href":"https:\/\/porszivojavitas.hu\/index.php?rest_route=%2Fwp%2Fv2%2Fcomments&post=6"}],"version-history":[{"count":23,"href":"https:\/\/porszivojavitas.hu\/index.php?rest_route=\/wp\/v2\/pages\/6\/revisions"}],"predecessor-version":[{"id":50,"href":"https:\/\/porszivojavitas.hu\/index.php?rest_route=\/wp\/v2\/pages\/6\/revisions\/50"}],"wp:attachment":[{"href":"https:\/\/porszivojavitas.hu\/index.php?rest_route=%2Fwp%2Fv2%2Fmedia&parent=6"}],"curies":[{"name":"wp","href":"https:\/\/api.w.org\/{rel}","templated":true}]}}